{"id":99,"date":"2015-04-23T12:38:18","date_gmt":"2015-04-23T12:38:18","guid":{"rendered":"https:\/\/xml-io.proteusthemes.com\/cargopress\/?page_id=99"},"modified":"2021-06-15T16:33:16","modified_gmt":"2021-06-15T16:33:16","slug":"cargo","status":"publish","type":"page","link":"https:\/\/frlogisticsandcustom.com\/az\/services\/cargo\/","title":{"rendered":"Y\u00fck"},"content":{"rendered":"<div id=\"pl-99\"  class=\"panel-layout\" ><div id=\"pg-99-0\"  class=\"panel-grid panel-no-style\" ><div id=\"pgc-99-0-0\"  class=\"panel-grid-cell\" ><div id=\"panel-99-0-0-0\" class=\"so-panel widget widget_black-studio-tinymce widget_black_studio_tinymce panel-first-child panel-last-child\" data-index=\"0\" ><div class=\"textwidget\"><p>Y\u00fck m\u00fct\u0259x\u0259ssisl\u0259ri qrupu, h\u0259r hans\u0131 bir sual\u0131n\u0131zda siz\u0259 k\u00f6m\u0259k etm\u0259k \u00fc\u00e7\u00fcn h\u0259r zaman haz\u0131rd\u0131r v\u0259 ya lojistik t\u0259l\u0259bl\u0259rinizl\u0259 uzun m\u00fcdd\u0259t m\u0259sl\u0259h\u0259tl\u0259\u015fm\u0259k ist\u0259yirsinizs\u0259. T\u0259l\u0259bl\u0259rinizi \u00f6yr\u0259nib siz\u0259 yaln\u0131z b\u00fcdc\u0259niz\u0259 uy\u011fun deyil, h\u0259m d\u0259 uzun m\u00fcdd\u0259t\u0259 xeyli pul qazand\u0131racaq bir t\u0259klif ver\u0259c\u0259yik. Buna z\u0259man\u0259t veririk.<\/p>\n<p>Lojistik prosesl\u0259rimiz, xidm\u0259tl\u0259rimiz, al\u0259tl\u0259rimiz v\u0259 sisteml\u0259rimiz strateji anbar yerl\u0259ri il\u0259 birlikd\u0259 m\u00fc\u015ft\u0259ril\u0259rimizin i\u015f m\u0259ntiqi ehtiyaclar\u0131n\u0131 \u00f6d\u0259m\u0259l\u0259rin\u0259 v\u0259 uzunm\u00fcdd\u0259tli i\u015f h\u0259d\u0259fl\u0259rin\u0259 daha d\u0259qiq bir \u015f\u0259kild\u0259 \u00e7atmalar\u0131na k\u00f6m\u0259k edir. Bundan \u0259lav\u0259, t\u0259dar\u00fck z\u0259nciri idar\u0259etm\u0259 m\u00fct\u0259x\u0259ssisl\u0259rimiz, i\u015finizl\u0259 inteqrasiya olunmu\u015f \u015f\u0259kild\u0259 uy\u011funla\u015fma\u011f\u0131n\u0131z \u00fc\u00e7\u00fcn x\u00fcsusil\u0259 bir lojistik proses dizayn ed\u0259rl\u0259r.<\/p>\n<p>\u0130st\u0259diyiniz bird\u0259f\u0259lik \u00e7atd\u0131r\u0131lma olsun v\u0259 ya davam ed\u0259n n\u0259qliyyat ehtiyaclar\u0131n\u0131z\u0131 aradan qald\u0131rmaq \u00fc\u00e7\u00fcn pe\u015f\u0259kar v\u0259 ticar\u0259t n\u0259qliyyat xidm\u0259ti axtar\u0131rs\u0131n\u0131z, sizi \u0259n q\u0259na\u0259tcil qiym\u0259tl\u0259rl\u0259 \u0259n yax\u015f\u0131 xidm\u0259tl\u0259r il\u0259 t\u0259min ed\u0259 bil\u0259rik. Lojistik m\u0259sl\u0259h\u0259t\u00e7il\u0259rimiz, n\u0259qliyyat xidm\u0259tl\u0259rimizl\u0259 ba\u011fl\u0131 daha \u00e7ox v\u0259 \u0259trafl\u0131 suallar\u0131n\u0131zda siz\u0259 k\u00f6m\u0259k etm\u0259k \u00fc\u00e7\u00fcn h\u0259r zaman haz\u0131rd\u0131r.<\/p>\n<\/div><\/div><\/div><div id=\"pgc-99-0-1\"  class=\"panel-grid-cell\" ><div id=\"panel-99-0-1-0\" class=\"so-panel widget widget_black-studio-tinymce widget_black_studio_tinymce panel-first-child panel-last-child\" data-index=\"1\" ><div class=\"textwidget\"><p><a href=\"https:\/\/frlogisticsandcustom.com\/wp-content\/uploads\/2021\/06\/34.jpg\"><img loading=\"lazy\" decoding=\"async\" class=\"alignnone size-full wp-image-747\" src=\"https:\/\/frlogisticsandcustom.com\/wp-content\/uploads\/2021\/06\/34.jpg\" alt=\"\" width=\"848\" height=\"480\" srcset=\"https:\/\/frlogisticsandcustom.com\/wp-content\/uploads\/2021\/06\/34.jpg 848w, https:\/\/frlogisticsandcustom.com\/wp-content\/uploads\/2021\/06\/34-600x340.jpg 600w, https:\/\/frlogisticsandcustom.com\/wp-content\/uploads\/2021\/06\/34-300x170.jpg 300w, https:\/\/frlogisticsandcustom.com\/wp-content\/uploads\/2021\/06\/34-768x435.jpg 768w, https:\/\/frlogisticsandcustom.com\/wp-content\/uploads\/2021\/06\/34-360x204.jpg 360w\" sizes=\"auto, (max-width: 848px) 100vw, 848px\" \/><\/a><\/p>\n<p><a href=\"https:\/\/frlogisticsandcustom.com\/wp-content\/uploads\/2021\/06\/23.jpg\"><img loading=\"lazy\" decoding=\"async\" class=\"alignnone size-full wp-image-742\" src=\"https:\/\/frlogisticsandcustom.com\/wp-content\/uploads\/2021\/06\/23.jpg\" alt=\"\" width=\"848\" height=\"480\" srcset=\"https:\/\/frlogisticsandcustom.com\/wp-content\/uploads\/2021\/06\/23.jpg 848w, https:\/\/frlogisticsandcustom.com\/wp-content\/uploads\/2021\/06\/23-600x340.jpg 600w, https:\/\/frlogisticsandcustom.com\/wp-content\/uploads\/2021\/06\/23-300x170.jpg 300w, https:\/\/frlogisticsandcustom.com\/wp-content\/uploads\/2021\/06\/23-768x435.jpg 768w, https:\/\/frlogisticsandcustom.com\/wp-content\/uploads\/2021\/06\/23-360x204.jpg 360w\" sizes=\"auto, (max-width: 848px) 100vw, 848px\" \/><\/a><\/p>\n<\/div><\/div><\/div><\/div><\/div>","protected":false},"excerpt":{"rendered":"<p>Y\u00fck m\u00fct\u0259x\u0259ssisl\u0259ri qrupu, h\u0259r hans\u0131 bir sual\u0131n\u0131zda siz\u0259 k\u00f6m\u0259k etm\u0259k \u00fc\u00e7\u00fcn h\u0259r zaman haz\u0131rd\u0131r v\u0259 ya lojistik t\u0259l\u0259bl\u0259rinizl\u0259 uzun m\u00fcdd\u0259t m\u0259sl\u0259h\u0259tl\u0259\u015fm\u0259k ist\u0259yirsinizs\u0259. T\u0259l\u0259bl\u0259rinizi \u00f6yr\u0259nib siz\u0259 yaln\u0131z b\u00fcdc\u0259niz\u0259 uy\u011fun deyil, h\u0259m d\u0259 uzun m\u00fcdd\u0259t\u0259 xeyli pul qazand\u0131racaq bir t\u0259klif ver\u0259c\u0259yik. Buna z\u0259man\u0259t veririk. Lojistik prosesl\u0259rimiz, xidm\u0259tl\u0259rimiz, al\u0259tl\u0259rimiz v\u0259 sisteml\u0259rimiz strateji anbar yerl\u0259ri il\u0259 birlikd\u0259 m\u00fc\u015ft\u0259ril\u0259rimizin i\u015f &hellip;<\/p>\n","protected":false},"author":1,"featured_media":749,"parent":76,"menu_order":0,"comment_status":"closed","ping_status":"closed","template":"","meta":{"footnotes":""},"class_list":["post-99","page","type-page","status-publish","has-post-thumbnail","hentry"],"_links":{"self":[{"href":"https:\/\/frlogisticsandcustom.com\/az\/wp-json\/wp\/v2\/pages\/99","targetHints":{"allow":["GET"]}}],"collection":[{"href":"https:\/\/frlogisticsandcustom.com\/az\/wp-json\/wp\/v2\/pages"}],"about":[{"href":"https:\/\/frlogisticsandcustom.com\/az\/wp-json\/wp\/v2\/types\/page"}],"author":[{"embeddable":true,"href":"https:\/\/frlogisticsandcustom.com\/az\/wp-json\/wp\/v2\/users\/1"}],"replies":[{"embeddable":true,"href":"https:\/\/frlogisticsandcustom.com\/az\/wp-json\/wp\/v2\/comments?post=99"}],"version-history":[{"count":4,"href":"https:\/\/frlogisticsandcustom.com\/az\/wp-json\/wp\/v2\/pages\/99\/revisions"}],"predecessor-version":[{"id":854,"href":"https:\/\/frlogisticsandcustom.com\/az\/wp-json\/wp\/v2\/pages\/99\/revisions\/854"}],"up":[{"embeddable":true,"href":"https:\/\/frlogisticsandcustom.com\/az\/wp-json\/wp\/v2\/pages\/76"}],"wp:featuredmedia":[{"embeddable":true,"href":"https:\/\/frlogisticsandcustom.com\/az\/wp-json\/wp\/v2\/media\/749"}],"wp:attachment":[{"href":"https:\/\/frlogisticsandcustom.com\/az\/wp-json\/wp\/v2\/media?parent=99"}],"curies":[{"name":"wp","href":"https:\/\/api.w.org\/{rel}","templated":true}]}}