{"id":97,"date":"2015-04-23T12:33:55","date_gmt":"2015-04-23T12:33:55","guid":{"rendered":"https:\/\/xml-io.proteusthemes.com\/cargopress\/?page_id=97"},"modified":"2021-06-15T17:22:48","modified_gmt":"2021-06-15T17:22:48","slug":"warehousing","status":"publish","type":"page","link":"https:\/\/frlogisticsandcustom.com\/az\/services\/warehousing\/","title":{"rendered":"Anbar"},"content":{"rendered":"<div id=\"pl-97\"  class=\"panel-layout\" ><div id=\"pg-97-0\"  class=\"panel-grid panel-no-style\" ><div id=\"pgc-97-0-0\"  class=\"panel-grid-cell\" ><div id=\"panel-97-0-0-0\" class=\"so-panel widget widget_black-studio-tinymce widget_black_studio_tinymce panel-first-child panel-last-child\" data-index=\"0\" ><div class=\"textwidget\"><p>Anbar v\u0259 paylama xidm\u0259tl\u0259rimiz m\u00fct\u0259madi olaraq m\u00fcasir i\u015f modell\u0259rin\u0259 cavab verm\u0259sini t\u0259min etm\u0259k \u00fc\u00e7\u00fcn yoxlan\u0131l\u0131r v\u0259 t\u0259hlil edilir v\u0259 xidm\u0259tl\u0259rimiz m\u00fc\u015ft\u0259ril\u0259rimizin lojistik t\u0259l\u0259bl\u0259rini s\u0259m\u0259r\u0259li qar\u015f\u0131lama\u011fa k\u00f6m\u0259k etm\u0259kd\u0259 davam etm\u0259l\u0259rini t\u0259min etm\u0259k \u00fc\u00e7\u00fcn h\u0259r c\u00fcr v\u0259 b\u00fct\u00fcn yenil\u0259nm\u0259l\u0259r apar\u0131l\u0131r. Lojistik qrupumuz bu i\u015fd\u0259 uzun ill\u0259rin t\u0259cr\u00fcb\u0259sin\u0259 malikdir v\u0259 tamamil\u0259 pe\u015f\u0259karl\u0131qla uzunm\u00fcdd\u0259tli v\u0259 b\u00f6y\u00fck miqyasl\u0131 tap\u015f\u0131r\u0131qlar\u0131 yerin\u0259 yetir\u0259 bil\u0259r v\u0259 m\u00fc\u015ft\u0259ri xidm\u0259timiz m\u00fc\u015ft\u0259ril\u0259r\u0259 h\u0259r hans\u0131 bir k\u00f6m\u0259y\u0259 ehtiyac duyduqlar\u0131 m\u00fcdd\u0259t \u0259rzind\u0259 prosesd\u0259 qalmaqda k\u00f6m\u0259k edir. Logistika, anbar v\u0259 paylama xidm\u0259tl\u0259ri t\u0259l\u0259bl\u0259riniz \u00fc\u00e7\u00fcn bu g\u00fcn m\u00fct\u0259x\u0259ssisl\u0259rimizl\u0259 m\u0259sl\u0259h\u0259tl\u0259\u015fin v\u0259 i\u015finizd\u0259 m\u00fcsb\u0259t d\u0259yi\u015fiklik yaratma\u011f\u0131m\u0131z\u0131 t\u0259min edin.<\/p>\n<p>Bundan \u0259lav\u0259, t\u0259dar\u00fck z\u0259nciri idar\u0259etm\u0259 m\u00fct\u0259x\u0259ssisl\u0259rimiz, i\u015finizl\u0259 inteqrasiya olunmu\u015f \u015f\u0259kild\u0259 uy\u011funla\u015fma\u011f\u0131n\u0131z \u00fc\u00e7\u00fcn x\u00fcsusil\u0259 bir lojistik proses dizayn ed\u0259rl\u0259r. Anbar xidm\u0259tl\u0259rimiz\u0259, inventar n\u0259zar\u0259ti v\u0259 idar\u0259edilm\u0259si, y\u00fck qurma, h\u0259y\u0259tyan\u0131 idar\u0259etm\u0259, statik v\u0259 dinamik doldurma, kitinq, sifari\u015fin i\u015fl\u0259nm\u0259si, sat\u0131c\u0131n\u0131n performans\u0131, \u00e7arpaz yerl\u0259\u015fdirm\u0259, t\u0259dar\u00fck z\u0259nciri r\u0259hb\u0259rliyi, lojistik inteqrasiya, barkodla\u015fd\u0131rma, keyfiyy\u0259t daxildir. n\u0259zar\u0259t, etiketl\u0259m\u0259, da\u015f\u0131y\u0131c\u0131 performans\u0131 v\u0259 s.<\/p>\n<\/div><\/div><\/div><div id=\"pgc-97-0-1\"  class=\"panel-grid-cell\" ><div id=\"panel-97-0-1-0\" class=\"so-panel widget widget_black-studio-tinymce widget_black_studio_tinymce panel-first-child panel-last-child\" data-index=\"1\" ><div class=\"textwidget\"><p><a href=\"https:\/\/frlogisticsandcustom.com\/wp-content\/uploads\/2021\/06\/44.jpg\"><img loading=\"lazy\" decoding=\"async\" class=\"alignnone size-full wp-image-739\" src=\"https:\/\/frlogisticsandcustom.com\/wp-content\/uploads\/2021\/06\/44.jpg\" alt=\"\" width=\"848\" height=\"480\" srcset=\"https:\/\/frlogisticsandcustom.com\/wp-content\/uploads\/2021\/06\/44.jpg 848w, https:\/\/frlogisticsandcustom.com\/wp-content\/uploads\/2021\/06\/44-600x340.jpg 600w, https:\/\/frlogisticsandcustom.com\/wp-content\/uploads\/2021\/06\/44-300x170.jpg 300w, https:\/\/frlogisticsandcustom.com\/wp-content\/uploads\/2021\/06\/44-768x435.jpg 768w, https:\/\/frlogisticsandcustom.com\/wp-content\/uploads\/2021\/06\/44-360x204.jpg 360w\" sizes=\"auto, (max-width: 848px) 100vw, 848px\" \/><\/a><\/p>\n<p><a href=\"https:\/\/frlogisticsandcustom.com\/wp-content\/uploads\/2021\/06\/31.jpg\"><img loading=\"lazy\" decoding=\"async\" class=\"alignnone size-full wp-image-750\" src=\"https:\/\/frlogisticsandcustom.com\/wp-content\/uploads\/2021\/06\/31.jpg\" alt=\"\" width=\"848\" height=\"480\" srcset=\"https:\/\/frlogisticsandcustom.com\/wp-content\/uploads\/2021\/06\/31.jpg 848w, https:\/\/frlogisticsandcustom.com\/wp-content\/uploads\/2021\/06\/31-600x340.jpg 600w, https:\/\/frlogisticsandcustom.com\/wp-content\/uploads\/2021\/06\/31-300x170.jpg 300w, https:\/\/frlogisticsandcustom.com\/wp-content\/uploads\/2021\/06\/31-768x435.jpg 768w, https:\/\/frlogisticsandcustom.com\/wp-content\/uploads\/2021\/06\/31-360x204.jpg 360w\" sizes=\"auto, (max-width: 848px) 100vw, 848px\" \/><\/a><\/p>\n<\/div><\/div><\/div><\/div><\/div>","protected":false},"excerpt":{"rendered":"<p>Anbar v\u0259 paylama xidm\u0259tl\u0259rimiz m\u00fct\u0259madi olaraq m\u00fcasir i\u015f modell\u0259rin\u0259 cavab verm\u0259sini t\u0259min etm\u0259k \u00fc\u00e7\u00fcn yoxlan\u0131l\u0131r v\u0259 t\u0259hlil edilir v\u0259 xidm\u0259tl\u0259rimiz m\u00fc\u015ft\u0259ril\u0259rimizin lojistik t\u0259l\u0259bl\u0259rini s\u0259m\u0259r\u0259li qar\u015f\u0131lama\u011fa k\u00f6m\u0259k etm\u0259kd\u0259 davam etm\u0259l\u0259rini t\u0259min etm\u0259k \u00fc\u00e7\u00fcn h\u0259r c\u00fcr v\u0259 b\u00fct\u00fcn yenil\u0259nm\u0259l\u0259r apar\u0131l\u0131r. Lojistik qrupumuz bu i\u015fd\u0259 uzun ill\u0259rin t\u0259cr\u00fcb\u0259sin\u0259 malikdir v\u0259 tamamil\u0259 pe\u015f\u0259karl\u0131qla uzunm\u00fcdd\u0259tli v\u0259 b\u00f6y\u00fck miqyasl\u0131 tap\u015f\u0131r\u0131qlar\u0131 yerin\u0259 &hellip;<\/p>\n","protected":false},"author":1,"featured_media":750,"parent":76,"menu_order":0,"comment_status":"closed","ping_status":"closed","template":"","meta":{"footnotes":""},"class_list":["post-97","page","type-page","status-publish","has-post-thumbnail","hentry"],"_links":{"self":[{"href":"https:\/\/frlogisticsandcustom.com\/az\/wp-json\/wp\/v2\/pages\/97","targetHints":{"allow":["GET"]}}],"collection":[{"href":"https:\/\/frlogisticsandcustom.com\/az\/wp-json\/wp\/v2\/pages"}],"about":[{"href":"https:\/\/frlogisticsandcustom.com\/az\/wp-json\/wp\/v2\/types\/page"}],"author":[{"embeddable":true,"href":"https:\/\/frlogisticsandcustom.com\/az\/wp-json\/wp\/v2\/users\/1"}],"replies":[{"embeddable":true,"href":"https:\/\/frlogisticsandcustom.com\/az\/wp-json\/wp\/v2\/comments?post=97"}],"version-history":[{"count":4,"href":"https:\/\/frlogisticsandcustom.com\/az\/wp-json\/wp\/v2\/pages\/97\/revisions"}],"predecessor-version":[{"id":860,"href":"https:\/\/frlogisticsandcustom.com\/az\/wp-json\/wp\/v2\/pages\/97\/revisions\/860"}],"up":[{"embeddable":true,"href":"https:\/\/frlogisticsandcustom.com\/az\/wp-json\/wp\/v2\/pages\/76"}],"wp:featuredmedia":[{"embeddable":true,"href":"https:\/\/frlogisticsandcustom.com\/az\/wp-json\/wp\/v2\/media\/750"}],"wp:attachment":[{"href":"https:\/\/frlogisticsandcustom.com\/az\/wp-json\/wp\/v2\/media?parent=97"}],"curies":[{"name":"wp","href":"https:\/\/api.w.org\/{rel}","templated":true}]}}