{"id":95,"date":"2015-04-23T12:32:53","date_gmt":"2015-04-23T12:32:53","guid":{"rendered":"https:\/\/xml-io.proteusthemes.com\/cargopress\/?page_id=95"},"modified":"2021-06-15T17:01:07","modified_gmt":"2021-06-15T17:01:07","slug":"logistic-service","status":"publish","type":"page","link":"https:\/\/frlogisticsandcustom.com\/az\/services\/logistic-service\/","title":{"rendered":"Logistika xidm\u0259ti"},"content":{"rendered":"<div id=\"pl-95\"  class=\"panel-layout\" ><div id=\"pg-95-0\"  class=\"panel-grid panel-no-style\" ><div id=\"pgc-95-0-0\"  class=\"panel-grid-cell\" ><div id=\"panel-95-0-0-0\" class=\"so-panel widget widget_black-studio-tinymce widget_black_studio_tinymce panel-first-child panel-last-child\" data-index=\"0\" ><div class=\"textwidget\"><p>\u0130st\u0259r y\u00fck da\u015f\u0131nmas\u0131, ist\u0259r t\u0259dar\u00fck z\u0259nciri h\u0259ll\u0259ri, anbar v\u0259 paylama, ist\u0259r m\u00fc\u015ft\u0259ri ehtiyat\u0131 xidm\u0259tl\u0259ri, ist\u0259rs\u0259 d\u0259 g\u00f6mr\u00fck, t\u0259hl\u00fck\u0259sizlik v\u0259 s\u0131\u011forta, istilikl\u0259 idar\u0259 olunan lojistik, s\u0259naye sektoru h\u0259ll\u0259ri, vasit\u0259\u00e7ilik v\u0259 ya lojistik \u0259sasl\u0131 h\u0259ll\u0259r kimi \u00f6lk\u0259l\u0259rd\u0259 lojistik xidm\u0259tl\u0259r t\u0259qdim edirik. \u015eirk\u0259timiz bu sah\u0259d\u0259ki uzun ill\u0259rin t\u0259cr\u00fcb\u0259si say\u0259sind\u0259, \u00f6lk\u0259nin h\u0259r t\u0259r\u0259fin\u0259 yay\u0131lan \u00f6z lojistik m\u0259rk\u0259zl\u0259rimizl\u0259 \u00f6lk\u0259nin uzunlu\u011fu v\u0259 geni\u015fliyi il\u0259 \u0259laq\u0259l\u0259r \u015f\u0259b\u0259k\u0259si yarada bilmi\u015fdir ki, bu da etibarl\u0131, etibarl\u0131, q\u0259na\u0259tli v\u0259 \u00f6z\u0259ll\u0259\u015fdirilmi\u015f logistika t\u0259min etm\u0259yimiz\u0259 k\u00f6m\u0259k edir. m\u00fc\u015ft\u0259ril\u0259rimiz\u0259 v\u0259 t\u0259r\u0259fda\u015flar\u0131m\u0131za h\u0259ll yollar\u0131.<\/p>\n<p>M\u0259ntiqi qruplar\u0131m\u0131z y\u00fczl\u0259rl\u0259 i\u015f\u00e7id\u0259n ibar\u0259tdir ki, y\u00fckl\u0259rin \u0259vv\u0259lc\u0259d\u0259n y\u00fckl\u0259nm\u0259sind\u0259n t\u0259dar\u00fck\u0259 q\u0259d\u0259r, logistik n\u0259qliyyat prosesi il\u0259 yana\u015f\u0131, sizin ad\u0131n\u0131za anbar v\u0259 paylama i\u015fl\u0259rini d\u0259 h\u0259yata ke\u00e7irirl\u0259r. Bu ill\u0259r \u0259rzind\u0259 yaln\u0131z etibarl\u0131 bir bazar \u015f\u00f6hr\u0259ti qazanm\u0131\u015f deyil, h\u0259m d\u0259 yerli v\u0259 beyn\u0259lxalq y\u00fczl\u0259rl\u0259 m\u00fc\u015ft\u0259rimizin \u00fcr\u0259yini f\u0259th etm\u0259yi bacaran s\u0259lahiyy\u0259tli, s\u0131\u011fortal\u0131 v\u0259 lisenziyal\u0131 bir lojistik xidm\u0259t t\u0259minat\u00e7\u0131m\u0131zd\u0131r. M\u00fc\u015ft\u0259ril\u0259rimiz\u0259 t\u0259qdim etm\u0259yi h\u0259d\u0259fl\u0259diyimiz qar\u015f\u0131l\u0131ql\u0131 fayda g\u0259tir\u0259n bir lojistik xidm\u0259tdir ki, bu da mill\u0259tin \u0259n etibarl\u0131 lojistik xidm\u0259t t\u0259minat\u00e7\u0131lar\u0131ndan biri olma\u011f\u0131m\u0131za k\u00f6m\u0259k etdi.<\/p>\n<\/div><\/div><\/div><div id=\"pgc-95-0-1\"  class=\"panel-grid-cell\" ><div id=\"panel-95-0-1-0\" class=\"so-panel widget widget_black-studio-tinymce widget_black_studio_tinymce panel-first-child panel-last-child\" data-index=\"1\" ><div class=\"textwidget\"><p><a href=\"https:\/\/frlogisticsandcustom.com\/wp-content\/uploads\/2021\/06\/34.jpg\"><img loading=\"lazy\" decoding=\"async\" class=\"alignnone size-full wp-image-747\" src=\"https:\/\/frlogisticsandcustom.com\/wp-content\/uploads\/2021\/06\/34.jpg\" alt=\"\" width=\"848\" height=\"480\" srcset=\"https:\/\/frlogisticsandcustom.com\/wp-content\/uploads\/2021\/06\/34.jpg 848w, https:\/\/frlogisticsandcustom.com\/wp-content\/uploads\/2021\/06\/34-600x340.jpg 600w, https:\/\/frlogisticsandcustom.com\/wp-content\/uploads\/2021\/06\/34-300x170.jpg 300w, https:\/\/frlogisticsandcustom.com\/wp-content\/uploads\/2021\/06\/34-768x435.jpg 768w, https:\/\/frlogisticsandcustom.com\/wp-content\/uploads\/2021\/06\/34-360x204.jpg 360w\" sizes=\"auto, (max-width: 848px) 100vw, 848px\" \/><\/a><\/p>\n<p><a href=\"https:\/\/frlogisticsandcustom.com\/wp-content\/uploads\/2021\/06\/30.jpg\"><img loading=\"lazy\" decoding=\"async\" class=\"alignnone size-full wp-image-748\" src=\"https:\/\/frlogisticsandcustom.com\/wp-content\/uploads\/2021\/06\/30.jpg\" alt=\"\" width=\"848\" height=\"480\" srcset=\"https:\/\/frlogisticsandcustom.com\/wp-content\/uploads\/2021\/06\/30.jpg 848w, https:\/\/frlogisticsandcustom.com\/wp-content\/uploads\/2021\/06\/30-600x340.jpg 600w, https:\/\/frlogisticsandcustom.com\/wp-content\/uploads\/2021\/06\/30-300x170.jpg 300w, https:\/\/frlogisticsandcustom.com\/wp-content\/uploads\/2021\/06\/30-768x435.jpg 768w, https:\/\/frlogisticsandcustom.com\/wp-content\/uploads\/2021\/06\/30-360x204.jpg 360w\" sizes=\"auto, (max-width: 848px) 100vw, 848px\" \/><\/a><\/p>\n<\/div><\/div><\/div><\/div><\/div>","protected":false},"excerpt":{"rendered":"<p>\u0130st\u0259r y\u00fck da\u015f\u0131nmas\u0131, ist\u0259r t\u0259dar\u00fck z\u0259nciri h\u0259ll\u0259ri, anbar v\u0259 paylama, ist\u0259r m\u00fc\u015ft\u0259ri ehtiyat\u0131 xidm\u0259tl\u0259ri, ist\u0259rs\u0259 d\u0259 g\u00f6mr\u00fck, t\u0259hl\u00fck\u0259sizlik v\u0259 s\u0131\u011forta, istilikl\u0259 idar\u0259 olunan lojistik, s\u0259naye sektoru h\u0259ll\u0259ri, vasit\u0259\u00e7ilik v\u0259 ya lojistik \u0259sasl\u0131 h\u0259ll\u0259r kimi \u00f6lk\u0259l\u0259rd\u0259 lojistik xidm\u0259tl\u0259r t\u0259qdim edirik. \u015eirk\u0259timiz bu sah\u0259d\u0259ki uzun ill\u0259rin t\u0259cr\u00fcb\u0259si say\u0259sind\u0259, \u00f6lk\u0259nin h\u0259r t\u0259r\u0259fin\u0259 yay\u0131lan \u00f6z lojistik m\u0259rk\u0259zl\u0259rimizl\u0259 \u00f6lk\u0259nin uzunlu\u011fu &hellip;<\/p>\n","protected":false},"author":1,"featured_media":748,"parent":76,"menu_order":0,"comment_status":"closed","ping_status":"closed","template":"","meta":{"footnotes":""},"class_list":["post-95","page","type-page","status-publish","has-post-thumbnail","hentry"],"_links":{"self":[{"href":"https:\/\/frlogisticsandcustom.com\/az\/wp-json\/wp\/v2\/pages\/95","targetHints":{"allow":["GET"]}}],"collection":[{"href":"https:\/\/frlogisticsandcustom.com\/az\/wp-json\/wp\/v2\/pages"}],"about":[{"href":"https:\/\/frlogisticsandcustom.com\/az\/wp-json\/wp\/v2\/types\/page"}],"author":[{"embeddable":true,"href":"https:\/\/frlogisticsandcustom.com\/az\/wp-json\/wp\/v2\/users\/1"}],"replies":[{"embeddable":true,"href":"https:\/\/frlogisticsandcustom.com\/az\/wp-json\/wp\/v2\/comments?post=95"}],"version-history":[{"count":5,"href":"https:\/\/frlogisticsandcustom.com\/az\/wp-json\/wp\/v2\/pages\/95\/revisions"}],"predecessor-version":[{"id":856,"href":"https:\/\/frlogisticsandcustom.com\/az\/wp-json\/wp\/v2\/pages\/95\/revisions\/856"}],"up":[{"embeddable":true,"href":"https:\/\/frlogisticsandcustom.com\/az\/wp-json\/wp\/v2\/pages\/76"}],"wp:featuredmedia":[{"embeddable":true,"href":"https:\/\/frlogisticsandcustom.com\/az\/wp-json\/wp\/v2\/media\/748"}],"wp:attachment":[{"href":"https:\/\/frlogisticsandcustom.com\/az\/wp-json\/wp\/v2\/media?parent=95"}],"curies":[{"name":"wp","href":"https:\/\/api.w.org\/{rel}","templated":true}]}}