{"id":93,"date":"2015-04-23T12:31:54","date_gmt":"2015-04-23T12:31:54","guid":{"rendered":"https:\/\/xml-io.proteusthemes.com\/cargopress\/?page_id=93"},"modified":"2021-06-15T17:11:42","modified_gmt":"2021-06-15T17:11:42","slug":"trucking-service","status":"publish","type":"page","link":"https:\/\/frlogisticsandcustom.com\/az\/services\/trucking-service\/","title":{"rendered":"Y\u00fck ma\u015f\u0131n\u0131 xidm\u0259ti"},"content":{"rendered":"<div id=\"pl-93\"  class=\"panel-layout\" ><div id=\"pg-93-0\"  class=\"panel-grid panel-no-style\" ><div id=\"pgc-93-0-0\"  class=\"panel-grid-cell\" ><div id=\"panel-93-0-0-0\" class=\"so-panel widget widget_black-studio-tinymce widget_black_studio_tinymce panel-first-child panel-last-child\" data-index=\"0\" ><div class=\"textwidget\"><p><span style=\"line-height: 1.5;\"><\/p>\n<p>Y\u00fck xidm\u0259timiz, m\u00fc\u015ft\u0259ril\u0259rimiz\u0259 rahatl\u0131q v\u0259 etibarl\u0131l\u0131q t\u0259min etm\u0259k, qanuni y\u00fck\u00fc ist\u0259dikl\u0259ri vaxt \u015f\u0259h\u0259r v\u0259 ya \u00f6lk\u0259 daxilind\u0259 h\u0259r\u0259k\u0259t etdirm\u0259k prinsipin\u0259 \u0259saslan\u0131r. Evd\u0259ki t\u0259cr\u00fcb\u0259li s\u00fcr\u00fcc\u00fcl\u0259r qrupumuz M\u00fc\u015ft\u0259ril\u0259rimiz\u0259 keyfiyy\u0259tli xidm\u0259tl\u0259r g\u00f6st\u0259rdiyimiz\u0259 inan\u0131ram v\u0259 logistika sah\u0259sind\u0259 biz\u0259 d\u0259st\u0259k olan onillikl\u0259r t\u0259cr\u00fcb\u0259si il\u0259 y\u00fckl\u0259rinizl\u0259 i\u015fl\u0259y\u0259nd\u0259 g\u00f6zard\u0131 etdiyimiz he\u00e7 bir \u015fey yoxdur. Y\u00fckl\u0259nm\u0259d\u0259n t\u0259yinatdak\u0131 bo\u015falmaya q\u0259d\u0259r v\u0259 tranzitd\u0259 t\u0259hl\u00fck\u0259sizlik bax\u0131m\u0131ndan \u0259n y\u00fcks\u0259k standartlar\u0131 qoruyaraq, he\u00e7 bir \u015fey etmirik. Y\u00fck t\u0259bi\u0259td\u0259 h\u0259ddind\u0259n art\u0131q v\u0259 ya h\u0259dd\u0259n art\u0131q olsa da, lojistik m\u00fct\u0259x\u0259ssisl\u0259rimiz v\u0259 texnikl\u0259rimiz \u00e7atd\u0131r\u0131lma yerind\u0259 v\u0259 vaxt\u0131nda, h\u0259r d\u0259f\u0259 t\u0259hl\u00fck\u0259sizliyini t\u0259min etm\u0259k \u00fc\u00e7\u00fcn d\u0259qiq detallara diqq\u0259t yetirirl\u0259r.<\/p>\n<p>Y\u00fck ma\u015f\u0131nlar\u0131 park\u0131m\u0131z\u0131n h\u0259r zaman yax\u015f\u0131 bir \u015f\u0259kild\u0259 saxlan\u0131lmas\u0131n\u0131 v\u0259 h\u0259r hans\u0131 bir itkiy\u0259 s\u0259b\u0259b olmadan y\u00fcks\u0259k d\u0259y\u0259ri v\u0259 b\u00f6y\u00fck \u00f6l\u00e7\u00fcd\u0259 \u00e7atd\u0131r\u0131lmas\u0131n\u0131 t\u0259min ed\u0259 bilm\u0259si \u00fc\u00e7\u00fcn \u0259n yax\u015f\u0131 v\u0259 \u0259n yenil\u0259nmi\u015f y\u00fck ma\u015f\u0131nlar\u0131 park\u0131na sahib olmas\u0131n\u0131 t\u0259min edirik. , \u00fcmumiyy\u0259tl\u0259 bir \u00e7ox xarici y\u00fck ma\u015f\u0131n\u0131 xidm\u0259t t\u0259minat\u00e7\u0131lar\u0131 il\u0259 g\u00f6r\u00fcl\u00fcr. T\u0259cr\u00fcb\u0259li s\u00fcr\u00fcc\u00fcl\u0259r, lojistik m\u00fct\u0259x\u0259ssisl\u0259r, t\u0259mir v\u0259 texniki xidm\u0259t m\u00fct\u0259x\u0259ssisl\u0259rimiz, y\u00fck ma\u015f\u0131nlar\u0131n\u0131n vaxt\u0131nda haz\u0131r olmas\u0131n\u0131 v\u0259 \u00e7atd\u0131r\u0131lmalar\u0131n\u0131z\u0131 idar\u0259 etm\u0259k \u00fc\u00e7\u00fcn \u0259n uy\u011fun v\u0259ziyy\u0259td\u0259 24-d\u0259n 7-d\u0259k ke\u015fik \u00e7\u0259kirl\u0259r.<\/p>\n<\/div><\/div><\/div><div id=\"pgc-93-0-1\"  class=\"panel-grid-cell\" ><div id=\"panel-93-0-1-0\" class=\"so-panel widget widget_black-studio-tinymce widget_black_studio_tinymce panel-first-child panel-last-child\" data-index=\"1\" ><div class=\"textwidget\"><p><a href=\"https:\/\/frlogisticsandcustom.com\/wp-content\/uploads\/2021\/06\/8.jpg\"><img loading=\"lazy\" decoding=\"async\" class=\"alignnone size-full wp-image-746\" src=\"https:\/\/frlogisticsandcustom.com\/wp-content\/uploads\/2021\/06\/8.jpg\" alt=\"\" width=\"848\" height=\"480\" srcset=\"https:\/\/frlogisticsandcustom.com\/wp-content\/uploads\/2021\/06\/8.jpg 848w, https:\/\/frlogisticsandcustom.com\/wp-content\/uploads\/2021\/06\/8-600x340.jpg 600w, https:\/\/frlogisticsandcustom.com\/wp-content\/uploads\/2021\/06\/8-300x170.jpg 300w, https:\/\/frlogisticsandcustom.com\/wp-content\/uploads\/2021\/06\/8-768x435.jpg 768w, https:\/\/frlogisticsandcustom.com\/wp-content\/uploads\/2021\/06\/8-360x204.jpg 360w\" sizes=\"auto, (max-width: 848px) 100vw, 848px\" \/><\/a><\/p>\n<p><a href=\"https:\/\/frlogisticsandcustom.com\/wp-content\/uploads\/2021\/06\/17.jpg\"><img loading=\"lazy\" decoding=\"async\" class=\"alignnone size-full wp-image-741\" src=\"https:\/\/frlogisticsandcustom.com\/wp-content\/uploads\/2021\/06\/17.jpg\" alt=\"\" width=\"848\" height=\"480\" srcset=\"https:\/\/frlogisticsandcustom.com\/wp-content\/uploads\/2021\/06\/17.jpg 848w, https:\/\/frlogisticsandcustom.com\/wp-content\/uploads\/2021\/06\/17-600x340.jpg 600w, https:\/\/frlogisticsandcustom.com\/wp-content\/uploads\/2021\/06\/17-300x170.jpg 300w, https:\/\/frlogisticsandcustom.com\/wp-content\/uploads\/2021\/06\/17-768x435.jpg 768w, https:\/\/frlogisticsandcustom.com\/wp-content\/uploads\/2021\/06\/17-360x204.jpg 360w\" sizes=\"auto, (max-width: 848px) 100vw, 848px\" \/><\/a><\/p>\n<\/div><\/div><\/div><\/div><\/div>","protected":false},"excerpt":{"rendered":"<p>Y\u00fck xidm\u0259timiz, m\u00fc\u015ft\u0259ril\u0259rimiz\u0259 rahatl\u0131q v\u0259 etibarl\u0131l\u0131q t\u0259min etm\u0259k, qanuni y\u00fck\u00fc ist\u0259dikl\u0259ri vaxt \u015f\u0259h\u0259r v\u0259 ya \u00f6lk\u0259 daxilind\u0259 h\u0259r\u0259k\u0259t etdirm\u0259k prinsipin\u0259 \u0259saslan\u0131r. Evd\u0259ki t\u0259cr\u00fcb\u0259li s\u00fcr\u00fcc\u00fcl\u0259r qrupumuz M\u00fc\u015ft\u0259ril\u0259rimiz\u0259 keyfiyy\u0259tli xidm\u0259tl\u0259r g\u00f6st\u0259rdiyimiz\u0259 inan\u0131ram v\u0259 logistika sah\u0259sind\u0259 biz\u0259 d\u0259st\u0259k olan onillikl\u0259r t\u0259cr\u00fcb\u0259si il\u0259 y\u00fckl\u0259rinizl\u0259 i\u015fl\u0259y\u0259nd\u0259 g\u00f6zard\u0131 etdiyimiz he\u00e7 bir \u015fey yoxdur. Y\u00fckl\u0259nm\u0259d\u0259n t\u0259yinatdak\u0131 bo\u015falmaya q\u0259d\u0259r v\u0259 tranzitd\u0259 t\u0259hl\u00fck\u0259sizlik bax\u0131m\u0131ndan &hellip;<\/p>\n","protected":false},"author":1,"featured_media":738,"parent":76,"menu_order":0,"comment_status":"closed","ping_status":"closed","template":"","meta":{"footnotes":""},"class_list":["post-93","page","type-page","status-publish","has-post-thumbnail","hentry"],"_links":{"self":[{"href":"https:\/\/frlogisticsandcustom.com\/az\/wp-json\/wp\/v2\/pages\/93","targetHints":{"allow":["GET"]}}],"collection":[{"href":"https:\/\/frlogisticsandcustom.com\/az\/wp-json\/wp\/v2\/pages"}],"about":[{"href":"https:\/\/frlogisticsandcustom.com\/az\/wp-json\/wp\/v2\/types\/page"}],"author":[{"embeddable":true,"href":"https:\/\/frlogisticsandcustom.com\/az\/wp-json\/wp\/v2\/users\/1"}],"replies":[{"embeddable":true,"href":"https:\/\/frlogisticsandcustom.com\/az\/wp-json\/wp\/v2\/comments?post=93"}],"version-history":[{"count":5,"href":"https:\/\/frlogisticsandcustom.com\/az\/wp-json\/wp\/v2\/pages\/93\/revisions"}],"predecessor-version":[{"id":858,"href":"https:\/\/frlogisticsandcustom.com\/az\/wp-json\/wp\/v2\/pages\/93\/revisions\/858"}],"up":[{"embeddable":true,"href":"https:\/\/frlogisticsandcustom.com\/az\/wp-json\/wp\/v2\/pages\/76"}],"wp:featuredmedia":[{"embeddable":true,"href":"https:\/\/frlogisticsandcustom.com\/az\/wp-json\/wp\/v2\/media\/738"}],"wp:attachment":[{"href":"https:\/\/frlogisticsandcustom.com\/az\/wp-json\/wp\/v2\/media?parent=93"}],"curies":[{"name":"wp","href":"https:\/\/api.w.org\/{rel}","templated":true}]}}