{"id":78,"date":"2015-04-23T11:19:03","date_gmt":"2015-04-23T11:19:03","guid":{"rendered":"https:\/\/xml-io.proteusthemes.com\/cargopress\/?page_id=78"},"modified":"2021-06-15T17:21:21","modified_gmt":"2021-06-15T17:21:21","slug":"storage","status":"publish","type":"page","link":"https:\/\/frlogisticsandcustom.com\/az\/services\/storage\/","title":{"rendered":"Depolama"},"content":{"rendered":"<div id=\"pl-78\"  class=\"panel-layout\" ><div id=\"pg-78-0\"  class=\"panel-grid panel-no-style\" ><div id=\"pgc-78-0-0\"  class=\"panel-grid-cell\" ><div id=\"panel-78-0-0-0\" class=\"so-panel widget widget_black-studio-tinymce widget_black_studio_tinymce panel-first-child panel-last-child\" data-index=\"0\" ><div class=\"textwidget\"><p>H\u0259rt\u0259r\u0259fli, etibarl\u0131 v\u0259 \u00e7evik - bu bazarda i\u015fl\u0259y\u0259nl\u0259r\u0259 k\u00f6m\u0259k etm\u0259k \u00fc\u00e7\u00fcn vacib olan keyfiyy\u0259tl\u0259rimiz olan anbar xidm\u0259tl\u0259ri il\u0259 b\u00fct\u00fcn \u00f6lk\u0259 daxilind\u0259 geni\u015f bir m\u00fc\u015ft\u0259ri yeyib-i\u00e7m\u0259kd\u0259n q\u00fcrur duyuruq. T\u0259cr\u00fcb\u0259li m\u00fct\u0259x\u0259ssisl\u0259rimiz yaln\u0131z s\u0259m\u0259r\u0259liliyin art\u0131r\u0131lmas\u0131na deyil, h\u0259m d\u0259 maliyy\u0259l\u0259rin azald\u0131lmas\u0131na y\u00f6n\u0259ldilmi\u015f i\u015f v\u0259 lojistik ehtiyaclar\u0131n\u0131z\u0131 \u00f6d\u0259m\u0259k \u00fc\u00e7\u00fcn t\u0259dar\u00fck z\u0259nciri ax\u0131n \u015femas\u0131 haz\u0131rlay\u0131r. \u00d6lk\u0259miz\u0259 yay\u0131lan geni\u015f anbar v\u0259 paylama m\u0259rk\u0259zl\u0259rimiz say\u0259sind\u0259 m\u00fc\u015ft\u0259rinin \u00fcr\u0259yini qazanmaq v\u0259 r\u0259qibl\u0259rin\u0259 \u00fcst\u00fcnl\u00fck verm\u0259k \u00fc\u00e7\u00fcn \u0259sas amil olan rekord cavab m\u00fcdd\u0259tind\u0259 bir tama\u015fa\u00e7\u0131ya m\u00fcraci\u0259t etm\u0259k daha asan olur.<\/p>\n<p>M\u0259ntiqi m\u00fct\u0259x\u0259ssisl\u0259r qrupu, ola bil\u0259c\u0259k h\u0259r hans\u0131 bir sual\u0131n\u0131zda siz\u0259 k\u00f6m\u0259k etm\u0259k \u00fc\u00e7\u00fcn v\u0259 ya lojistik t\u0259l\u0259bl\u0259rinizl\u0259 uzun m\u00fcdd\u0259t m\u0259sl\u0259h\u0259tl\u0259\u015fm\u0259k ist\u0259s\u0259niz h\u0259mi\u015f\u0259 k\u00f6m\u0259k ed\u0259 bil\u0259r. T\u0259l\u0259bl\u0259rinizi \u00f6yr\u0259nib siz\u0259 yaln\u0131z b\u00fcdc\u0259niz\u0259 uy\u011fun deyil, h\u0259m d\u0259 uzun m\u00fcdd\u0259t\u0259 xeyli pul qazand\u0131racaq bir t\u0259klif ver\u0259c\u0259yik. \u015eirk\u0259timiz bu sah\u0259d\u0259ki uzun ill\u0259rin t\u0259cr\u00fcb\u0259si say\u0259sind\u0259, \u00f6lk\u0259nin h\u0259r t\u0259r\u0259fin\u0259 yay\u0131lan \u00f6z lojistik m\u0259rk\u0259zl\u0259rimizl\u0259 \u00f6lk\u0259nin uzunlu\u011fu v\u0259 geni\u015fliyi il\u0259 \u0259laq\u0259l\u0259r \u015f\u0259b\u0259k\u0259si yarada bilmi\u015fdir ki, bu da etibarl\u0131, etibarl\u0131, q\u0259na\u0259tli v\u0259 \u00f6z\u0259ll\u0259\u015fdirilmi\u015f logistika t\u0259min etm\u0259yimiz\u0259 k\u00f6m\u0259k edir. m\u00fc\u015ft\u0259ril\u0259rimiz\u0259 v\u0259 t\u0259r\u0259fda\u015flar\u0131m\u0131za h\u0259ll yollar\u0131.<\/p>\n<\/div><\/div><\/div><div id=\"pgc-78-0-1\"  class=\"panel-grid-cell\" ><div id=\"panel-78-0-1-0\" class=\"so-panel widget widget_black-studio-tinymce widget_black_studio_tinymce panel-first-child panel-last-child\" data-index=\"1\" ><div class=\"textwidget\"><p><a href=\"https:\/\/frlogisticsandcustom.com\/wp-content\/uploads\/2021\/06\/4.jpg\"><img loading=\"lazy\" decoding=\"async\" class=\"alignnone size-full wp-image-745\" src=\"https:\/\/frlogisticsandcustom.com\/wp-content\/uploads\/2021\/06\/4.jpg\" alt=\"\" width=\"848\" height=\"480\" srcset=\"https:\/\/frlogisticsandcustom.com\/wp-content\/uploads\/2021\/06\/4.jpg 848w, https:\/\/frlogisticsandcustom.com\/wp-content\/uploads\/2021\/06\/4-600x340.jpg 600w, https:\/\/frlogisticsandcustom.com\/wp-content\/uploads\/2021\/06\/4-300x170.jpg 300w, https:\/\/frlogisticsandcustom.com\/wp-content\/uploads\/2021\/06\/4-768x435.jpg 768w, https:\/\/frlogisticsandcustom.com\/wp-content\/uploads\/2021\/06\/4-360x204.jpg 360w\" sizes=\"auto, (max-width: 848px) 100vw, 848px\" \/><\/a><\/p>\n<p><a href=\"https:\/\/frlogisticsandcustom.com\/wp-content\/uploads\/2021\/06\/1-1.jpg\"><img loading=\"lazy\" decoding=\"async\" class=\"alignnone size-full wp-image-740\" src=\"https:\/\/frlogisticsandcustom.com\/wp-content\/uploads\/2021\/06\/1-1.jpg\" alt=\"\" width=\"848\" height=\"480\" srcset=\"https:\/\/frlogisticsandcustom.com\/wp-content\/uploads\/2021\/06\/1-1.jpg 848w, https:\/\/frlogisticsandcustom.com\/wp-content\/uploads\/2021\/06\/1-1-600x340.jpg 600w, https:\/\/frlogisticsandcustom.com\/wp-content\/uploads\/2021\/06\/1-1-300x170.jpg 300w, https:\/\/frlogisticsandcustom.com\/wp-content\/uploads\/2021\/06\/1-1-768x435.jpg 768w, https:\/\/frlogisticsandcustom.com\/wp-content\/uploads\/2021\/06\/1-1-360x204.jpg 360w\" sizes=\"auto, (max-width: 848px) 100vw, 848px\" \/><\/a><\/p>\n<\/div><\/div><\/div><\/div><\/div>","protected":false},"excerpt":{"rendered":"<p>H\u0259rt\u0259r\u0259fli, etibarl\u0131 v\u0259 \u00e7evik &#8211; bu bazarda i\u015fl\u0259y\u0259nl\u0259r\u0259 k\u00f6m\u0259k etm\u0259k \u00fc\u00e7\u00fcn vacib olan keyfiyy\u0259tl\u0259rimiz olan anbar xidm\u0259tl\u0259ri il\u0259 b\u00fct\u00fcn \u00f6lk\u0259 daxilind\u0259 geni\u015f bir m\u00fc\u015ft\u0259ri yeyib-i\u00e7m\u0259kd\u0259n q\u00fcrur duyuruq. T\u0259cr\u00fcb\u0259li m\u00fct\u0259x\u0259ssisl\u0259rimiz yaln\u0131z s\u0259m\u0259r\u0259liliyin art\u0131r\u0131lmas\u0131na deyil, h\u0259m d\u0259 maliyy\u0259l\u0259rin azald\u0131lmas\u0131na y\u00f6n\u0259ldilmi\u015f i\u015f v\u0259 lojistik ehtiyaclar\u0131n\u0131z\u0131 \u00f6d\u0259m\u0259k \u00fc\u00e7\u00fcn t\u0259dar\u00fck z\u0259nciri ax\u0131n \u015femas\u0131 haz\u0131rlay\u0131r. \u00d6lk\u0259miz\u0259 yay\u0131lan geni\u015f anbar v\u0259 paylama &hellip;<\/p>\n","protected":false},"author":1,"featured_media":745,"parent":76,"menu_order":0,"comment_status":"closed","ping_status":"closed","template":"","meta":{"footnotes":""},"class_list":["post-78","page","type-page","status-publish","has-post-thumbnail","hentry"],"_links":{"self":[{"href":"https:\/\/frlogisticsandcustom.com\/az\/wp-json\/wp\/v2\/pages\/78","targetHints":{"allow":["GET"]}}],"collection":[{"href":"https:\/\/frlogisticsandcustom.com\/az\/wp-json\/wp\/v2\/pages"}],"about":[{"href":"https:\/\/frlogisticsandcustom.com\/az\/wp-json\/wp\/v2\/types\/page"}],"author":[{"embeddable":true,"href":"https:\/\/frlogisticsandcustom.com\/az\/wp-json\/wp\/v2\/users\/1"}],"replies":[{"embeddable":true,"href":"https:\/\/frlogisticsandcustom.com\/az\/wp-json\/wp\/v2\/comments?post=78"}],"version-history":[{"count":4,"href":"https:\/\/frlogisticsandcustom.com\/az\/wp-json\/wp\/v2\/pages\/78\/revisions"}],"predecessor-version":[{"id":859,"href":"https:\/\/frlogisticsandcustom.com\/az\/wp-json\/wp\/v2\/pages\/78\/revisions\/859"}],"up":[{"embeddable":true,"href":"https:\/\/frlogisticsandcustom.com\/az\/wp-json\/wp\/v2\/pages\/76"}],"wp:featuredmedia":[{"embeddable":true,"href":"https:\/\/frlogisticsandcustom.com\/az\/wp-json\/wp\/v2\/media\/745"}],"wp:attachment":[{"href":"https:\/\/frlogisticsandcustom.com\/az\/wp-json\/wp\/v2\/media?parent=78"}],"curies":[{"name":"wp","href":"https:\/\/api.w.org\/{rel}","templated":true}]}}