{"id":76,"date":"2015-04-23T11:04:51","date_gmt":"2015-04-23T11:04:51","guid":{"rendered":"https:\/\/xml-io.proteusthemes.com\/cargopress\/?page_id=76"},"modified":"2021-06-15T08:10:48","modified_gmt":"2021-06-15T08:10:48","slug":"services","status":"publish","type":"page","link":"https:\/\/frlogisticsandcustom.com\/az\/services\/","title":{"rendered":"Xidm\u0259tl\u0259r"},"content":{"rendered":"<div id=\"pl-76\"  class=\"panel-layout\" ><div id=\"pg-76-0\"  class=\"panel-grid panel-no-style\" ><div id=\"pgc-76-0-0\"  class=\"panel-grid-cell\" ><div id=\"panel-76-0-0-0\" class=\"so-panel widget widget_pw_featured_page widget-featured-page panel-first-child panel-last-child\" data-index=\"0\" >\n\n\t<div class=\"page-box  page-box--block\">\n\t\t\t<a class=\"page-box__picture\" href=\"https:\/\/frlogisticsandcustom.com\/az\/services\/ground-transport\/\"><img loading=\"lazy\" decoding=\"async\" src=\"https:\/\/frlogisticsandcustom.com\/wp-content\/uploads\/2021\/06\/17-360x240.jpg\" width=\"360\" height=\"240\" srcset=\"https:\/\/frlogisticsandcustom.com\/wp-content\/uploads\/2021\/06\/17-360x240.jpg 360w, https:\/\/frlogisticsandcustom.com\/wp-content\/uploads\/2021\/06\/17.jpg 848w\" sizes=\"auto, (min-width: 992px) 360px, calc(100vw - 30px)\" class=\"wp-post-image\" alt=\"Yer\u00fcst\u00fc n\u0259qliyyat\"><\/a>\n\t\t<div class=\"page-box__content\">\n\t\t\t<h5 class=\"page-box__title  text-uppercase\"><a href=\"https:\/\/frlogisticsandcustom.com\/az\/services\/ground-transport\/\">Yer\u00fcst\u00fc n\u0259qliyyat<\/a><\/h5>\n\t\t\t<p>Logistika xidm\u0259ti\"><\/a>\n\t\t<div class=\"page-box__content\">\n\t\t\t<h5 class=\"page-box__title  text-uppercase\"><a href=\"https:\/\/frlogisticsandcustom.com\/az\/services\/logistic-service\/\">Logistika xidm\u0259ti<\/a><\/h5>\n\t\t\t<p>Y\u00fck ma\u015f\u0131n\u0131 xidm\u0259ti\"><\/a>\n\t\t<div class=\"page-box__content\">\n\t\t\t<h5 class=\"page-box__title  text-uppercase\"><a href=\"https:\/\/frlogisticsandcustom.com\/az\/services\/trucking-service\/\">Y\u00fck ma\u015f\u0131n\u0131 xidm\u0259ti<\/a><\/h5>\n\t\t\t<p>Anbar\"><\/a>\n\t\t<div class=\"page-box__content\">\n\t\t\t<h5 class=\"page-box__title  text-uppercase\"><a href=\"https:\/\/frlogisticsandcustom.com\/az\/services\/warehousing\/\">Anbar<\/a><\/h5>\n\t\t\t<p>Y\u00fck\"><\/a>\n\t\t<div class=\"page-box__content\">\n\t\t\t<h5 class=\"page-box__title  text-uppercase\"><a href=\"https:\/\/frlogisticsandcustom.com\/az\/services\/cargo\/\">Y\u00fck<\/a><\/h5>\n\t\t\t<p>Depolama\"><\/a>\n\t\t<div class=\"page-box__content\">\n\t\t\t<h5 class=\"page-box__title  text-uppercase\"><a href=\"https:\/\/frlogisticsandcustom.com\/az\/services\/storage\/\">Depolama<\/a><\/h5>\n\t\t\t<p>","protected":false},"excerpt":{"rendered":"<p>Yer\u00fcst\u00fc n\u0259qliyyat Logistika xidm\u0259ti&#8221;> Logistika xidm\u0259ti Y\u00fck ma\u015f\u0131n\u0131 xidm\u0259ti&#8221;> Y\u00fck ma\u015f\u0131n\u0131 xidm\u0259ti Anbar&#8221;> Anbar Y\u00fck&#8221;> Y\u00fck Depolama&#8221;> Depolama<\/p>\n","protected":false},"author":1,"featured_media":0,"parent":0,"menu_order":0,"comment_status":"closed","ping_status":"closed","template":"","meta":{"footnotes":""},"class_list":["post-76","page","type-page","status-publish","hentry"],"_links":{"self":[{"href":"https:\/\/frlogisticsandcustom.com\/az\/wp-json\/wp\/v2\/pages\/76","targetHints":{"allow":["GET"]}}],"collection":[{"href":"https:\/\/frlogisticsandcustom.com\/az\/wp-json\/wp\/v2\/pages"}],"about":[{"href":"https:\/\/frlogisticsandcustom.com\/az\/wp-json\/wp\/v2\/types\/page"}],"author":[{"embeddable":true,"href":"https:\/\/frlogisticsandcustom.com\/az\/wp-json\/wp\/v2\/users\/1"}],"replies":[{"embeddable":true,"href":"https:\/\/frlogisticsandcustom.com\/az\/wp-json\/wp\/v2\/comments?post=76"}],"version-history":[{"count":2,"href":"https:\/\/frlogisticsandcustom.com\/az\/wp-json\/wp\/v2\/pages\/76\/revisions"}],"predecessor-version":[{"id":820,"href":"https:\/\/frlogisticsandcustom.com\/az\/wp-json\/wp\/v2\/pages\/76\/revisions\/820"}],"wp:attachment":[{"href":"https:\/\/frlogisticsandcustom.com\/az\/wp-json\/wp\/v2\/media?parent=76"}],"curies":[{"name":"wp","href":"https:\/\/api.w.org\/{rel}","templated":true}]}}