{"id":232,"date":"2015-05-07T13:27:36","date_gmt":"2015-05-07T13:27:36","guid":{"rendered":"https:\/\/xml-io.proteusthemes.com\/cargopress\/?page_id=232"},"modified":"2021-06-15T09:34:12","modified_gmt":"2021-06-15T09:34:12","slug":"about-us","status":"publish","type":"page","link":"https:\/\/frlogisticsandcustom.com\/az\/about-us\/","title":{"rendered":"Haqq\u0131m\u0131zda"},"content":{"rendered":"<div id=\"pl-232\"  class=\"panel-layout\" ><div id=\"pg-232-0\"  class=\"panel-grid panel-no-style\" ><div id=\"pgc-232-0-0\"  class=\"panel-grid-cell\" ><div id=\"panel-232-0-0-0\" class=\"so-panel widget widget_black-studio-tinymce widget_black_studio_tinymce panel-first-child panel-last-child\" data-index=\"0\" ><div class=\"textwidget\"><p>\"FR Logistics and Customs\" \u015firk\u0259ti olaraq \u00f6lk\u0259d\u0259ki \u0259n etibarl\u0131 v\u0259 \u0259lveri\u015fli logistika v\u0259 anbar xidm\u0259ti t\u0259minat\u00e7\u0131lar\u0131ndan biri kimi q\u0259bul edilm\u0259yimizd\u0259n q\u00fcrur duyuruq. Logistika xidm\u0259tl\u0259ri t\u0259minat\u00e7\u0131s\u0131 olaraq m\u00fc\u015ft\u0259ril\u0259rimiz\u0259 y\u00fck n\u0259qliyyat xidm\u0259tl\u0259ri, anbar xidm\u0259tl\u0259ri, g\u00f6mr\u00fck xidm\u0259tl\u0259ri v\u0259 bir s\u0131ra dig\u0259r k\u00f6m\u0259k\u00e7i xidm\u0259tl\u0259ri g\u00f6st\u0259ririk. Logistika, anbar, paylama, y\u00fckl\u0259m\u0259 v\u0259 t\u0259chizat z\u0259ncirinin idar\u0259 olunmas\u0131 i\u015fl\u0259rind\u0259 x\u00fcsusi t\u0259cr\u00fcb\u0259y\u0259 sahibik v\u0259 premium logistika xidm\u0259tl\u0259rimizl\u0259 m\u00fc\u015ft\u0259ril\u0259rimiz\u0259 rahatl\u0131q, etibarl\u0131l\u0131q v\u0259 \u0259lveri\u015flilik t\u0259min etm\u0259yi h\u0259d\u0259fl\u0259yirik.<\/p>\n<p>Xidm\u0259timizin b\u00fct\u00fcn s\u0259viyy\u0259l\u0259rind\u0259ki m\u00fct\u0259x\u0259ssisl\u0259r qrupumuz ill\u0259rin t\u0259cr\u00fcb\u0259sin\u0259 malikdir v\u0259 bu da t\u0259cr\u00fcb\u0259li kadrlar\u0131m\u0131za olan inam\u0131 art\u0131r\u0131r. Bu is\u0259 \u00f6z n\u00f6vb\u0259sind\u0259, mallar\u0131n vaxt\u0131nda \u00e7atd\u0131r\u0131lmas\u0131na v\u0259 daha s\u00fcr\u0259tli xidm\u0259t g\u00f6st\u0259rm\u0259yimiz\u0259 k\u00f6m\u0259k edir. M\u0259qs\u0259dimiz xidm\u0259tl\u0259rimizl\u0259 i\u015finiz\u0259 m\u00fcsb\u0259t t\u00f6hf\u0259 verm\u0259k v\u0259 sizinl\u0259 uzunm\u00fcdd\u0259tli biznes \u0259laq\u0259l\u0259ri qurmaqd\u0131r. M\u00fc\u015ft\u0259ril\u0259rimiz\u0259 olan ba\u011fl\u0131l\u0131\u011f\u0131m\u0131z, komanda i\u015fin\u0259, m\u00fc\u015ft\u0259ri d\u0259st\u0259k xidm\u0259tl\u0259rin\u0259 v\u0259 logistika prosesl\u0259rimiz\u0259 v\u0259 avadanl\u0131qlar\u0131m\u0131za periodik texnologiya yenil\u0259m\u0259l\u0259rin\u0259 diqq\u0259timizl\u0259 qiym\u0259tl\u0259ndiril\u0259 bil\u0259r.<\/p>\n<\/div><\/div><\/div><div id=\"pgc-232-0-1\"  class=\"panel-grid-cell\" ><div id=\"panel-232-0-1-0\" class=\"so-panel widget widget_black-studio-tinymce widget_black_studio_tinymce panel-first-child panel-last-child\" data-index=\"1\" ><div class=\"textwidget\"><p><a href=\"https:\/\/frlogisticsandcustom.com\/wp-content\/uploads\/2021\/06\/5.jpg\"><img loading=\"lazy\" decoding=\"async\" class=\"alignnone size-full wp-image-744\" src=\"https:\/\/frlogisticsandcustom.com\/wp-content\/uploads\/2021\/06\/5.jpg\" alt=\"\" width=\"848\" height=\"480\" srcset=\"https:\/\/frlogisticsandcustom.com\/wp-content\/uploads\/2021\/06\/5.jpg 848w, https:\/\/frlogisticsandcustom.com\/wp-content\/uploads\/2021\/06\/5-600x340.jpg 600w, https:\/\/frlogisticsandcustom.com\/wp-content\/uploads\/2021\/06\/5-300x170.jpg 300w, https:\/\/frlogisticsandcustom.com\/wp-content\/uploads\/2021\/06\/5-768x435.jpg 768w, https:\/\/frlogisticsandcustom.com\/wp-content\/uploads\/2021\/06\/5-360x204.jpg 360w\" sizes=\"auto, (max-width: 848px) 100vw, 848px\" \/><\/a><\/p>\n<p><a href=\"https:\/\/frlogisticsandcustom.com\/wp-content\/uploads\/2021\/06\/34.jpg\"><img loading=\"lazy\" decoding=\"async\" class=\"alignnone size-full wp-image-747\" src=\"https:\/\/frlogisticsandcustom.com\/wp-content\/uploads\/2021\/06\/34.jpg\" alt=\"\" width=\"848\" height=\"480\" srcset=\"https:\/\/frlogisticsandcustom.com\/wp-content\/uploads\/2021\/06\/34.jpg 848w, https:\/\/frlogisticsandcustom.com\/wp-content\/uploads\/2021\/06\/34-600x340.jpg 600w, https:\/\/frlogisticsandcustom.com\/wp-content\/uploads\/2021\/06\/34-300x170.jpg 300w, https:\/\/frlogisticsandcustom.com\/wp-content\/uploads\/2021\/06\/34-768x435.jpg 768w, https:\/\/frlogisticsandcustom.com\/wp-content\/uploads\/2021\/06\/34-360x204.jpg 360w\" sizes=\"auto, (max-width: 848px) 100vw, 848px\" \/><\/a><\/p>\n<p>&nbsp;<\/p>\n<\/div><\/div><\/div><\/div><\/div>","protected":false},"excerpt":{"rendered":"<p>&#8220;FR Logistics and Customs&#8221; \u015firk\u0259ti olaraq \u00f6lk\u0259d\u0259ki \u0259n etibarl\u0131 v\u0259 \u0259lveri\u015fli logistika v\u0259 anbar xidm\u0259ti t\u0259minat\u00e7\u0131lar\u0131ndan biri kimi q\u0259bul edilm\u0259yimizd\u0259n q\u00fcrur duyuruq. Logistika xidm\u0259tl\u0259ri t\u0259minat\u00e7\u0131s\u0131 olaraq m\u00fc\u015ft\u0259ril\u0259rimiz\u0259 y\u00fck n\u0259qliyyat xidm\u0259tl\u0259ri, anbar xidm\u0259tl\u0259ri, g\u00f6mr\u00fck xidm\u0259tl\u0259ri v\u0259 bir s\u0131ra dig\u0259r k\u00f6m\u0259k\u00e7i xidm\u0259tl\u0259ri g\u00f6st\u0259ririk. Logistika, anbar, paylama, y\u00fckl\u0259m\u0259 v\u0259 t\u0259chizat z\u0259ncirinin idar\u0259 olunmas\u0131 i\u015fl\u0259rind\u0259 x\u00fcsusi t\u0259cr\u00fcb\u0259y\u0259 sahibik v\u0259 &hellip;<\/p>\n","protected":false},"author":1,"featured_media":0,"parent":0,"menu_order":0,"comment_status":"closed","ping_status":"closed","template":"","meta":{"footnotes":""},"class_list":["post-232","page","type-page","status-publish","hentry"],"_links":{"self":[{"href":"https:\/\/frlogisticsandcustom.com\/az\/wp-json\/wp\/v2\/pages\/232","targetHints":{"allow":["GET"]}}],"collection":[{"href":"https:\/\/frlogisticsandcustom.com\/az\/wp-json\/wp\/v2\/pages"}],"about":[{"href":"https:\/\/frlogisticsandcustom.com\/az\/wp-json\/wp\/v2\/types\/page"}],"author":[{"embeddable":true,"href":"https:\/\/frlogisticsandcustom.com\/az\/wp-json\/wp\/v2\/users\/1"}],"replies":[{"embeddable":true,"href":"https:\/\/frlogisticsandcustom.com\/az\/wp-json\/wp\/v2\/comments?post=232"}],"version-history":[{"count":8,"href":"https:\/\/frlogisticsandcustom.com\/az\/wp-json\/wp\/v2\/pages\/232\/revisions"}],"predecessor-version":[{"id":840,"href":"https:\/\/frlogisticsandcustom.com\/az\/wp-json\/wp\/v2\/pages\/232\/revisions\/840"}],"wp:attachment":[{"href":"https:\/\/frlogisticsandcustom.com\/az\/wp-json\/wp\/v2\/media?parent=232"}],"curies":[{"name":"wp","href":"https:\/\/api.w.org\/{rel}","templated":true}]}}