{"id":101,"date":"2015-04-23T12:39:15","date_gmt":"2015-04-23T12:39:15","guid":{"rendered":"https:\/\/xml-io.proteusthemes.com\/cargopress\/?page_id=101"},"modified":"2021-06-15T16:30:39","modified_gmt":"2021-06-15T16:30:39","slug":"ground-transport","status":"publish","type":"page","link":"https:\/\/frlogisticsandcustom.com\/az\/services\/ground-transport\/","title":{"rendered":"Yer\u00fcst\u00fc n\u0259qliyyat"},"content":{"rendered":"<div id=\"pl-101\"  class=\"panel-layout\" ><div id=\"pg-101-0\"  class=\"panel-grid panel-no-style\" ><div id=\"pgc-101-0-0\"  class=\"panel-grid-cell\" ><div id=\"panel-101-0-0-0\" class=\"so-panel widget widget_black-studio-tinymce widget_black_studio_tinymce panel-first-child panel-last-child\" data-index=\"0\" ><div class=\"textwidget\"><p>Dig\u0259r n\u0259qliyyat xidm\u0259tl\u0259ri il\u0259 birlikd\u0259 yer\u00fcst\u00fc n\u0259qliyyat v\u0259 y\u00fckg\u00f6t\u00fcrm\u0259 xidm\u0259tl\u0259ri, m\u00fc\u015ft\u0259ril\u0259rimiz\u0259 t\u0259l\u0259bl\u0259rin\u0259 uy\u011fun dizayn etdiyimiz v\u0259 i\u015f ekosisteminin maliyy\u0259l\u0259rini, \u00e7atd\u0131r\u0131lma m\u00fcdd\u0259tl\u0259rini azaltma\u011fa k\u00f6m\u0259k etm\u0259k \u00fc\u00e7\u00fcn x\u00fcsusi istifad\u0259\u00e7il\u0259rimiz\u0259 lojistik h\u0259ll\u0259r t\u0259qdim etm\u0259yimiz\u0259 k\u00f6m\u0259k edir. . M\u00fc\u015ft\u0259ril\u0259rimiz\u0259 t\u0259qdim etm\u0259yi h\u0259d\u0259fl\u0259diyimiz qar\u015f\u0131l\u0131ql\u0131 fayda g\u0259tir\u0259n bir lojistik xidm\u0259tdir ki, bu da mill\u0259tin \u0259n etibarl\u0131 lojistik xidm\u0259t t\u0259minat\u00e7\u0131lar\u0131ndan biri olma\u011f\u0131m\u0131za k\u00f6m\u0259k\u00e7i oldu. M\u00fc\u015ft\u0259ril\u0259rimiz\u0259 t\u0259l\u0259bl\u0259rin\u0259 v\u0259 i\u015f ekosistemin\u0259 uy\u011fun olaraq dizayn etdikl\u0259rimizi, son istifad\u0259\u00e7i m\u0259mnuniyy\u0259tin\u0259 diqq\u0259t yetir\u0259rk\u0259n, maliyy\u0259tl\u0259rini, \u00e7atd\u0131r\u0131lma m\u00fcdd\u0259tl\u0259rini azaltma\u011fa k\u00f6m\u0259k ed\u0259n x\u00fcsusi lojistik h\u0259ll\u0259r t\u0259qdim edirik. M\u00fc\u015ft\u0259ril\u0259rimiz\u0259 t\u0259qdim etm\u0259yi h\u0259d\u0259fl\u0259diyimiz qar\u015f\u0131l\u0131ql\u0131 fayda g\u0259tir\u0259n bir lojistik xidm\u0259tdir ki, bu da mill\u0259tin \u0259n etibarl\u0131 lojistik xidm\u0259t t\u0259minat\u00e7\u0131lar\u0131ndan biri olma\u011f\u0131m\u0131za k\u00f6m\u0259k etdi.<\/p>\n<p>Y\u00fck ma\u015f\u0131nlar\u0131 park\u0131m\u0131z\u0131n h\u0259r zaman yax\u015f\u0131 bir \u015f\u0259kild\u0259 saxlan\u0131lmas\u0131n\u0131 v\u0259 h\u0259r hans\u0131 bir itkiy\u0259 s\u0259b\u0259b olmadan y\u00fcks\u0259k d\u0259y\u0259ri v\u0259 b\u00f6y\u00fck \u00f6l\u00e7\u00fcd\u0259 \u00e7atd\u0131r\u0131lmas\u0131n\u0131 t\u0259min ed\u0259 bilm\u0259si \u00fc\u00e7\u00fcn \u0259n yax\u015f\u0131 v\u0259 \u0259n yenil\u0259nmi\u015f y\u00fck ma\u015f\u0131nlar\u0131 park\u0131na sahib olmas\u0131n\u0131 t\u0259min edirik. , \u00fcmumiyy\u0259tl\u0259 bir \u00e7ox xarici y\u00fck ma\u015f\u0131n\u0131 xidm\u0259t t\u0259minat\u00e7\u0131lar\u0131 il\u0259 g\u00f6r\u00fcl\u00fcr.<\/p>\n<\/div><\/div><\/div><div id=\"pgc-101-0-1\"  class=\"panel-grid-cell\" ><div id=\"panel-101-0-1-0\" class=\"so-panel widget widget_black-studio-tinymce widget_black_studio_tinymce panel-first-child panel-last-child\" data-index=\"1\" ><div class=\"textwidget\"><p><a href=\"https:\/\/frlogisticsandcustom.com\/wp-content\/uploads\/2021\/06\/28.jpg\"><img loading=\"lazy\" decoding=\"async\" class=\"alignnone size-full wp-image-743\" src=\"https:\/\/frlogisticsandcustom.com\/wp-content\/uploads\/2021\/06\/28.jpg\" alt=\"\" width=\"848\" height=\"480\" srcset=\"https:\/\/frlogisticsandcustom.com\/wp-content\/uploads\/2021\/06\/28.jpg 848w, https:\/\/frlogisticsandcustom.com\/wp-content\/uploads\/2021\/06\/28-600x340.jpg 600w, https:\/\/frlogisticsandcustom.com\/wp-content\/uploads\/2021\/06\/28-300x170.jpg 300w, https:\/\/frlogisticsandcustom.com\/wp-content\/uploads\/2021\/06\/28-768x435.jpg 768w, https:\/\/frlogisticsandcustom.com\/wp-content\/uploads\/2021\/06\/28-360x204.jpg 360w\" sizes=\"auto, (max-width: 848px) 100vw, 848px\" \/><\/a><\/p>\n<p><a href=\"https:\/\/frlogisticsandcustom.com\/wp-content\/uploads\/2021\/06\/32.jpg\"><img loading=\"lazy\" decoding=\"async\" class=\"alignnone size-full wp-image-749\" src=\"https:\/\/frlogisticsandcustom.com\/wp-content\/uploads\/2021\/06\/32.jpg\" alt=\"\" width=\"848\" height=\"480\" srcset=\"https:\/\/frlogisticsandcustom.com\/wp-content\/uploads\/2021\/06\/32.jpg 848w, https:\/\/frlogisticsandcustom.com\/wp-content\/uploads\/2021\/06\/32-600x340.jpg 600w, https:\/\/frlogisticsandcustom.com\/wp-content\/uploads\/2021\/06\/32-300x170.jpg 300w, https:\/\/frlogisticsandcustom.com\/wp-content\/uploads\/2021\/06\/32-768x435.jpg 768w, https:\/\/frlogisticsandcustom.com\/wp-content\/uploads\/2021\/06\/32-360x204.jpg 360w\" sizes=\"auto, (max-width: 848px) 100vw, 848px\" \/><\/a><\/p>\n<p>&nbsp;<\/p>\n<\/div><\/div><\/div><\/div><\/div>","protected":false},"excerpt":{"rendered":"<p>Dig\u0259r n\u0259qliyyat xidm\u0259tl\u0259ri il\u0259 birlikd\u0259 yer\u00fcst\u00fc n\u0259qliyyat v\u0259 y\u00fckg\u00f6t\u00fcrm\u0259 xidm\u0259tl\u0259ri, m\u00fc\u015ft\u0259ril\u0259rimiz\u0259 t\u0259l\u0259bl\u0259rin\u0259 uy\u011fun dizayn etdiyimiz v\u0259 i\u015f ekosisteminin maliyy\u0259l\u0259rini, \u00e7atd\u0131r\u0131lma m\u00fcdd\u0259tl\u0259rini azaltma\u011fa k\u00f6m\u0259k etm\u0259k \u00fc\u00e7\u00fcn x\u00fcsusi istifad\u0259\u00e7il\u0259rimiz\u0259 lojistik h\u0259ll\u0259r t\u0259qdim etm\u0259yimiz\u0259 k\u00f6m\u0259k edir. . M\u00fc\u015ft\u0259ril\u0259rimiz\u0259 t\u0259qdim etm\u0259yi h\u0259d\u0259fl\u0259diyimiz qar\u015f\u0131l\u0131ql\u0131 fayda g\u0259tir\u0259n bir lojistik xidm\u0259tdir ki, bu da mill\u0259tin \u0259n etibarl\u0131 lojistik xidm\u0259t t\u0259minat\u00e7\u0131lar\u0131ndan biri olma\u011f\u0131m\u0131za &hellip;<\/p>\n","protected":false},"author":1,"featured_media":741,"parent":76,"menu_order":0,"comment_status":"closed","ping_status":"closed","template":"","meta":{"footnotes":""},"class_list":["post-101","page","type-page","status-publish","has-post-thumbnail","hentry"],"_links":{"self":[{"href":"https:\/\/frlogisticsandcustom.com\/az\/wp-json\/wp\/v2\/pages\/101","targetHints":{"allow":["GET"]}}],"collection":[{"href":"https:\/\/frlogisticsandcustom.com\/az\/wp-json\/wp\/v2\/pages"}],"about":[{"href":"https:\/\/frlogisticsandcustom.com\/az\/wp-json\/wp\/v2\/types\/page"}],"author":[{"embeddable":true,"href":"https:\/\/frlogisticsandcustom.com\/az\/wp-json\/wp\/v2\/users\/1"}],"replies":[{"embeddable":true,"href":"https:\/\/frlogisticsandcustom.com\/az\/wp-json\/wp\/v2\/comments?post=101"}],"version-history":[{"count":4,"href":"https:\/\/frlogisticsandcustom.com\/az\/wp-json\/wp\/v2\/pages\/101\/revisions"}],"predecessor-version":[{"id":853,"href":"https:\/\/frlogisticsandcustom.com\/az\/wp-json\/wp\/v2\/pages\/101\/revisions\/853"}],"up":[{"embeddable":true,"href":"https:\/\/frlogisticsandcustom.com\/az\/wp-json\/wp\/v2\/pages\/76"}],"wp:featuredmedia":[{"embeddable":true,"href":"https:\/\/frlogisticsandcustom.com\/az\/wp-json\/wp\/v2\/media\/741"}],"wp:attachment":[{"href":"https:\/\/frlogisticsandcustom.com\/az\/wp-json\/wp\/v2\/media?parent=101"}],"curies":[{"name":"wp","href":"https:\/\/api.w.org\/{rel}","templated":true}]}}